{"id":20008,"date":"2020-02-25T15:47:30","date_gmt":"2020-02-25T13:47:30","guid":{"rendered":"https:\/\/tallinnavesi.ee\/?page_id=20008"},"modified":"2020-02-25T15:48:32","modified_gmt":"2020-02-25T13:48:32","slug":"veevargilukksepa-praktika-watercomis","status":"publish","type":"page","link":"https:\/\/tallinnavesi.ee\/ru\/veevargilukksepa-praktika-watercomis\/","title":{"rendered":"Veev\u00e4rgilukksepa praktika Watercomis"},"content":{"rendered":"<p><span style=\"font-size: 12pt;\"><strong>Hea kutsekooli noor, tule Watercomi veev\u00e4rgilukksepa praktikale! <\/strong>O\u00dc Watercom on 2010. aastal asutatud AS-i Tallinna Vesi t\u00fctarettev\u00f5te. Ettev\u00f5tte p\u00f5hitegevusala on vee- ja kanalisatsioonitorustike rajamine nii arendajate, ettev\u00f5tete, omavalitsuste kui ka eraisikute tellimusel. Lisaks pakub Watercom teehoiut\u00f6\u00f6dega seotud teenuseid, projektijuhtimis- ja j\u00e4relvalveteenust ning survepesu- ja transporditeenuseid.<\/span><\/p>\n<hr style=\"clear: both;\" \/>\n<p><span style=\"font-size: 18pt;\"><strong>Kutsume kandideerima veev\u00e4rgilukksepa praktikale! <img loading=\"lazy\" decoding=\"async\" class=\"wp-image-20012 alignright\" src=\"https:\/\/tallinnavesi.ee\/wp-content\/uploads\/2020\/02\/2176_20180402.jpg\" alt=\"\" width=\"405\" height=\"270\" srcset=\"https:\/\/tallinnavesi.ee\/wp-content\/uploads\/2020\/02\/2176_20180402.jpg 1815w, https:\/\/tallinnavesi.ee\/wp-content\/uploads\/2020\/02\/2176_20180402-300x200.jpg 300w, https:\/\/tallinnavesi.ee\/wp-content\/uploads\/2020\/02\/2176_20180402-1024x683.jpg 1024w, https:\/\/tallinnavesi.ee\/wp-content\/uploads\/2020\/02\/2176_20180402-768x512.jpg 768w, https:\/\/tallinnavesi.ee\/wp-content\/uploads\/2020\/02\/2176_20180402-1536x1024.jpg 1536w\" sizes=\"auto, (max-width: 405px) 100vw, 405px\" \/><\/strong><\/span><\/p>\n<p><span style=\"font-size: 14pt;\"><strong>Praktika aeg<\/strong>:\u00a0alates mai 2020 (kestvus 3-6 kuud)<\/span><\/p>\n<p><span style=\"font-size: 14pt;\"><strong>Praktika k\u00e4igus:<\/strong><\/span><\/p>\n<ul>\n<li><span style=\"font-size: 14pt;\">osaled torustike ehitust\u00f6\u00f6des<\/span><\/li>\n<li><span style=\"font-size: 14pt;\">oluline on valmisolek t\u00f6\u00f6tada v\u00e4litingimustes (f\u00fc\u00fcsiline t\u00f6\u00f6)<\/span><\/li>\n<\/ul>\n<p><strong><span style=\"font-size: 14pt;\">Ootame Sind praktikale, kui oled:<\/span><\/strong><\/p>\n<ul>\n<li><span style=\"font-size: 14pt;\">omandamas haridust veev\u00e4rgilukksepa erialal kutsekoolis (v\u00e4hemalt 18-aastane)<\/span><\/li>\n<li><span style=\"font-size: 14pt;\">omad head tehnilist taipu ja huvi torustike v\u00f5i tehnikavaldkonna vastu<\/span><\/li>\n<li><span style=\"font-size: 14pt;\">valdad eesti ja vene keelt suhtlustasandil<\/span><\/li>\n<\/ul>\n<p><strong><span style=\"font-size: 14pt;\">Praktikandile pakume:<\/span><\/strong><\/p>\n<ul>\n<li><span style=\"font-size: 14pt;\">Tasustatud praktikat ja k\u00f5iki meie t\u00f6\u00f6taja h\u00fcvesid<\/span><\/li>\n<li><span style=\"font-size: 14pt;\">Erialast praktilist v\u00e4lja\u00f5pet kogenud kolleegide juhendamisel<\/span><\/li>\n<li><span style=\"font-size: 14pt;\">Huvitavat ja arendavat kogemust Eesti suurimas vee-ettev\u00f5ttes, mis on tunnustatud \u201eParima praktikakoha\u201c tiitliga<\/span><\/li>\n<li><span style=\"font-size: 14pt;\">Sobivusel ja v\u00f5imalusel p\u00fcsivat t\u00f6\u00f6kohta p\u00e4rast praktikat<\/span><\/li>\n<li><span style=\"font-size: 14pt;\">Toredat meeskonda ja \u00fchis\u00fcritusi<\/span><\/li>\n<\/ul>\n<p><span style=\"font-size: 14pt;\"><strong>Praktika asukoht:<\/strong> Tallinn ja Harjumaa <\/span><\/p>\n<p><span style=\"font-size: 14pt;\"><strong>Juhendaja:\u00a0<\/strong>Kalle Vahtra<\/span><\/p>\n<p><span style=\"font-size: 14pt;\"><strong>Lisainfo:<\/strong> Kristi Suits, 62 62 257,\u00a0&#x70;&#x65;&#x72;&#x73;&#x6f;&#x6e;&#x61;&#x6c;&#x40;&#x74;&#x76;&#x65;&#x73;&#x69;&#x2e;&#x65;&#x65;<\/span><\/p>\n<p><strong><span style=\"font-size: 14pt;\">Kandideerida saad kuni 30.04.<\/span><\/strong><\/p>\n<p><a href=\"https:\/\/tallinnavesi.ee\/praktikaankeet-kutsekool\/\" target=\"_blank\" rel=\"noopener noreferrer\"><img loading=\"lazy\" decoding=\"async\" class=\"alignnone size-full wp-image-19985\" src=\"https:\/\/tallinnavesi.ee\/wp-content\/uploads\/2020\/02\/kandideerin.png\" alt=\"\" width=\"284\" height=\"101\" \/><\/a><\/p>\n","protected":false},"excerpt":{"rendered":"<p>Hea kutsekooli noor, tule Watercomi veev\u00e4rgilukksepa praktikale! O\u00dc Watercom on 2010. aastal asutatud AS-i Tallinna Vesi t\u00fctarettev\u00f5te. Ettev\u00f5tte p\u00f5hitegevusala on vee- ja kanalisatsioonitorustike rajamine nii arendajate, ettev\u00f5tete, omavalitsuste kui ka eraisikute tellimusel. Lisaks pakub Watercom teehoiut\u00f6\u00f6dega seotud teenuseid, projektijuhtimis- ja j\u00e4relvalveteenust ning survepesu- ja transporditeenuseid. Kutsume kandideerima veev\u00e4rgilukksepa praktikale! Praktika aeg:\u00a0alates mai 2020 (kestvus 3-6 &hellip; <a href=\"https:\/\/tallinnavesi.ee\/ru\/veevargilukksepa-praktika-watercomis\/\">Continued<\/a><\/p>\n","protected":false},"author":24,"featured_media":0,"parent":0,"menu_order":343,"comment_status":"closed","ping_status":"closed","template":"","meta":{"_acf_changed":false,"footnotes":""},"class_list":["post-20008","page","type-page","status-publish","hentry"],"acf":[],"yoast_head":"<!-- This site is optimized with the Yoast SEO plugin v26.1.1 - https:\/\/yoast.com\/wordpress\/plugins\/seo\/ -->\n<title>Veev\u00e4rgilukksepa praktika Watercomis - Tallinnavesi<\/title>\n<meta name=\"robots\" content=\"index, follow, max-snippet:-1, max-image-preview:large, max-video-preview:-1\" \/>\n<link rel=\"canonical\" href=\"https:\/\/tallinnavesi.ee\/ru\/veevargilukksepa-praktika-watercomis\/\" \/>\n<meta property=\"og:locale\" content=\"ru_RU\" \/>\n<meta property=\"og:type\" content=\"article\" \/>\n<meta property=\"og:title\" content=\"Veev\u00e4rgilukksepa praktika Watercomis - Tallinnavesi\" \/>\n<meta property=\"og:description\" content=\"Hea kutsekooli noor, tule Watercomi veev\u00e4rgilukksepa praktikale! O\u00dc Watercom on 2010. aastal asutatud AS-i Tallinna Vesi t\u00fctarettev\u00f5te. Ettev\u00f5tte p\u00f5hitegevusala on vee- ja kanalisatsioonitorustike rajamine nii arendajate, ettev\u00f5tete, omavalitsuste kui ka eraisikute tellimusel. Lisaks pakub Watercom teehoiut\u00f6\u00f6dega seotud teenuseid, projektijuhtimis- ja j\u00e4relvalveteenust ning survepesu- ja transporditeenuseid. Kutsume kandideerima veev\u00e4rgilukksepa praktikale! Praktika aeg:\u00a0alates mai 2020 (kestvus 3-6 &hellip; Continued\" \/>\n<meta property=\"og:url\" content=\"https:\/\/tallinnavesi.ee\/ru\/veevargilukksepa-praktika-watercomis\/\" \/>\n<meta property=\"og:site_name\" content=\"Tallinnavesi\" \/>\n<meta property=\"article:modified_time\" content=\"2020-02-25T13:48:32+00:00\" \/>\n<meta property=\"og:image\" content=\"https:\/\/tallinnavesi.ee\/wp-content\/uploads\/2020\/02\/2176_20180402.jpg\" \/>\n<meta name=\"twitter:card\" content=\"summary_large_image\" \/>\n<meta name=\"twitter:label1\" content=\"\u041f\u0440\u0438\u043c\u0435\u0440\u043d\u043e\u0435 \u0432\u0440\u0435\u043c\u044f \u0434\u043b\u044f \u0447\u0442\u0435\u043d\u0438\u044f\" \/>\n\t<meta name=\"twitter:data1\" content=\"1 \u043c\u0438\u043d\u0443\u0442\u0430\" \/>\n<script type=\"application\/ld+json\" class=\"yoast-schema-graph\">{\"@context\":\"https:\/\/schema.org\",\"@graph\":[{\"@type\":\"WebPage\",\"@id\":\"https:\/\/tallinnavesi.ee\/ru\/veevargilukksepa-praktika-watercomis\/\",\"url\":\"https:\/\/tallinnavesi.ee\/ru\/veevargilukksepa-praktika-watercomis\/\",\"name\":\"Veev\u00e4rgilukksepa praktika Watercomis - Tallinnavesi\",\"isPartOf\":{\"@id\":\"https:\/\/tallinnavesi.ee\/ru\/#website\"},\"primaryImageOfPage\":{\"@id\":\"https:\/\/tallinnavesi.ee\/ru\/veevargilukksepa-praktika-watercomis\/#primaryimage\"},\"image\":{\"@id\":\"https:\/\/tallinnavesi.ee\/ru\/veevargilukksepa-praktika-watercomis\/#primaryimage\"},\"thumbnailUrl\":\"https:\/\/tallinnavesi.ee\/wp-content\/uploads\/2020\/02\/2176_20180402.jpg\",\"datePublished\":\"2020-02-25T13:47:30+00:00\",\"dateModified\":\"2020-02-25T13:48:32+00:00\",\"breadcrumb\":{\"@id\":\"https:\/\/tallinnavesi.ee\/ru\/veevargilukksepa-praktika-watercomis\/#breadcrumb\"},\"inLanguage\":\"ru-RU\",\"potentialAction\":[{\"@type\":\"ReadAction\",\"target\":[\"https:\/\/tallinnavesi.ee\/ru\/veevargilukksepa-praktika-watercomis\/\"]}]},{\"@type\":\"ImageObject\",\"inLanguage\":\"ru-RU\",\"@id\":\"https:\/\/tallinnavesi.ee\/ru\/veevargilukksepa-praktika-watercomis\/#primaryimage\",\"url\":\"https:\/\/tallinnavesi.ee\/wp-content\/uploads\/2020\/02\/2176_20180402.jpg\",\"contentUrl\":\"https:\/\/tallinnavesi.ee\/wp-content\/uploads\/2020\/02\/2176_20180402.jpg\"},{\"@type\":\"BreadcrumbList\",\"@id\":\"https:\/\/tallinnavesi.ee\/ru\/veevargilukksepa-praktika-watercomis\/#breadcrumb\",\"itemListElement\":[{\"@type\":\"ListItem\",\"position\":1,\"name\":\"Home\",\"item\":\"https:\/\/tallinnavesi.ee\/ru\/\"},{\"@type\":\"ListItem\",\"position\":2,\"name\":\"Veev\u00e4rgilukksepa praktika Watercomis\"}]},{\"@type\":\"WebSite\",\"@id\":\"https:\/\/tallinnavesi.ee\/ru\/#website\",\"url\":\"https:\/\/tallinnavesi.ee\/ru\/\",\"name\":\"Tallinnavesi\",\"description\":\"Tallinnavesi\",\"publisher\":{\"@id\":\"https:\/\/tallinnavesi.ee\/ru\/#organization\"},\"potentialAction\":[{\"@type\":\"SearchAction\",\"target\":{\"@type\":\"EntryPoint\",\"urlTemplate\":\"https:\/\/tallinnavesi.ee\/ru\/?s={search_term_string}\"},\"query-input\":{\"@type\":\"PropertyValueSpecification\",\"valueRequired\":true,\"valueName\":\"search_term_string\"}}],\"inLanguage\":\"ru-RU\"},{\"@type\":\"Organization\",\"@id\":\"https:\/\/tallinnavesi.ee\/ru\/#organization\",\"name\":\"Tallinna Vesi\",\"url\":\"https:\/\/tallinnavesi.ee\/ru\/\",\"logo\":{\"@type\":\"ImageObject\",\"inLanguage\":\"ru-RU\",\"@id\":\"https:\/\/tallinnavesi.ee\/ru\/#\/schema\/logo\/image\/\",\"url\":\"https:\/\/tallinnavesi.ee\/wp-content\/uploads\/2017\/05\/logo-astv.png\",\"contentUrl\":\"https:\/\/tallinnavesi.ee\/wp-content\/uploads\/2017\/05\/logo-astv.png\",\"width\":184,\"height\":63,\"caption\":\"Tallinna Vesi\"},\"image\":{\"@id\":\"https:\/\/tallinnavesi.ee\/ru\/#\/schema\/logo\/image\/\"}}]}<\/script>\n<!-- \/ Yoast SEO plugin. -->","yoast_head_json":{"title":"Veev\u00e4rgilukksepa praktika Watercomis - Tallinnavesi","robots":{"index":"index","follow":"follow","max-snippet":"max-snippet:-1","max-image-preview":"max-image-preview:large","max-video-preview":"max-video-preview:-1"},"canonical":"https:\/\/tallinnavesi.ee\/ru\/veevargilukksepa-praktika-watercomis\/","og_locale":"ru_RU","og_type":"article","og_title":"Veev\u00e4rgilukksepa praktika Watercomis - Tallinnavesi","og_description":"Hea kutsekooli noor, tule Watercomi veev\u00e4rgilukksepa praktikale! O\u00dc Watercom on 2010. aastal asutatud AS-i Tallinna Vesi t\u00fctarettev\u00f5te. Ettev\u00f5tte p\u00f5hitegevusala on vee- ja kanalisatsioonitorustike rajamine nii arendajate, ettev\u00f5tete, omavalitsuste kui ka eraisikute tellimusel. Lisaks pakub Watercom teehoiut\u00f6\u00f6dega seotud teenuseid, projektijuhtimis- ja j\u00e4relvalveteenust ning survepesu- ja transporditeenuseid. Kutsume kandideerima veev\u00e4rgilukksepa praktikale! Praktika aeg:\u00a0alates mai 2020 (kestvus 3-6 &hellip; Continued","og_url":"https:\/\/tallinnavesi.ee\/ru\/veevargilukksepa-praktika-watercomis\/","og_site_name":"Tallinnavesi","article_modified_time":"2020-02-25T13:48:32+00:00","og_image":[{"url":"https:\/\/tallinnavesi.ee\/wp-content\/uploads\/2020\/02\/2176_20180402.jpg","type":"","width":"","height":""}],"twitter_card":"summary_large_image","twitter_misc":{"\u041f\u0440\u0438\u043c\u0435\u0440\u043d\u043e\u0435 \u0432\u0440\u0435\u043c\u044f \u0434\u043b\u044f \u0447\u0442\u0435\u043d\u0438\u044f":"1 \u043c\u0438\u043d\u0443\u0442\u0430"},"schema":{"@context":"https:\/\/schema.org","@graph":[{"@type":"WebPage","@id":"https:\/\/tallinnavesi.ee\/ru\/veevargilukksepa-praktika-watercomis\/","url":"https:\/\/tallinnavesi.ee\/ru\/veevargilukksepa-praktika-watercomis\/","name":"Veev\u00e4rgilukksepa praktika Watercomis - Tallinnavesi","isPartOf":{"@id":"https:\/\/tallinnavesi.ee\/ru\/#website"},"primaryImageOfPage":{"@id":"https:\/\/tallinnavesi.ee\/ru\/veevargilukksepa-praktika-watercomis\/#primaryimage"},"image":{"@id":"https:\/\/tallinnavesi.ee\/ru\/veevargilukksepa-praktika-watercomis\/#primaryimage"},"thumbnailUrl":"https:\/\/tallinnavesi.ee\/wp-content\/uploads\/2020\/02\/2176_20180402.jpg","datePublished":"2020-02-25T13:47:30+00:00","dateModified":"2020-02-25T13:48:32+00:00","breadcrumb":{"@id":"https:\/\/tallinnavesi.ee\/ru\/veevargilukksepa-praktika-watercomis\/#breadcrumb"},"inLanguage":"ru-RU","potentialAction":[{"@type":"ReadAction","target":["https:\/\/tallinnavesi.ee\/ru\/veevargilukksepa-praktika-watercomis\/"]}]},{"@type":"ImageObject","inLanguage":"ru-RU","@id":"https:\/\/tallinnavesi.ee\/ru\/veevargilukksepa-praktika-watercomis\/#primaryimage","url":"https:\/\/tallinnavesi.ee\/wp-content\/uploads\/2020\/02\/2176_20180402.jpg","contentUrl":"https:\/\/tallinnavesi.ee\/wp-content\/uploads\/2020\/02\/2176_20180402.jpg"},{"@type":"BreadcrumbList","@id":"https:\/\/tallinnavesi.ee\/ru\/veevargilukksepa-praktika-watercomis\/#breadcrumb","itemListElement":[{"@type":"ListItem","position":1,"name":"Home","item":"https:\/\/tallinnavesi.ee\/ru\/"},{"@type":"ListItem","position":2,"name":"Veev\u00e4rgilukksepa praktika Watercomis"}]},{"@type":"WebSite","@id":"https:\/\/tallinnavesi.ee\/ru\/#website","url":"https:\/\/tallinnavesi.ee\/ru\/","name":"Tallinnavesi","description":"Tallinnavesi","publisher":{"@id":"https:\/\/tallinnavesi.ee\/ru\/#organization"},"potentialAction":[{"@type":"SearchAction","target":{"@type":"EntryPoint","urlTemplate":"https:\/\/tallinnavesi.ee\/ru\/?s={search_term_string}"},"query-input":{"@type":"PropertyValueSpecification","valueRequired":true,"valueName":"search_term_string"}}],"inLanguage":"ru-RU"},{"@type":"Organization","@id":"https:\/\/tallinnavesi.ee\/ru\/#organization","name":"Tallinna Vesi","url":"https:\/\/tallinnavesi.ee\/ru\/","logo":{"@type":"ImageObject","inLanguage":"ru-RU","@id":"https:\/\/tallinnavesi.ee\/ru\/#\/schema\/logo\/image\/","url":"https:\/\/tallinnavesi.ee\/wp-content\/uploads\/2017\/05\/logo-astv.png","contentUrl":"https:\/\/tallinnavesi.ee\/wp-content\/uploads\/2017\/05\/logo-astv.png","width":184,"height":63,"caption":"Tallinna Vesi"},"image":{"@id":"https:\/\/tallinnavesi.ee\/ru\/#\/schema\/logo\/image\/"}}]}},"_links":{"self":[{"href":"https:\/\/tallinnavesi.ee\/ru\/wp-json\/wp\/v2\/pages\/20008","targetHints":{"allow":["GET"]}}],"collection":[{"href":"https:\/\/tallinnavesi.ee\/ru\/wp-json\/wp\/v2\/pages"}],"about":[{"href":"https:\/\/tallinnavesi.ee\/ru\/wp-json\/wp\/v2\/types\/page"}],"author":[{"embeddable":true,"href":"https:\/\/tallinnavesi.ee\/ru\/wp-json\/wp\/v2\/users\/24"}],"replies":[{"embeddable":true,"href":"https:\/\/tallinnavesi.ee\/ru\/wp-json\/wp\/v2\/comments?post=20008"}],"version-history":[{"count":5,"href":"https:\/\/tallinnavesi.ee\/ru\/wp-json\/wp\/v2\/pages\/20008\/revisions"}],"predecessor-version":[{"id":20016,"href":"https:\/\/tallinnavesi.ee\/ru\/wp-json\/wp\/v2\/pages\/20008\/revisions\/20016"}],"wp:attachment":[{"href":"https:\/\/tallinnavesi.ee\/ru\/wp-json\/wp\/v2\/media?parent=20008"}],"curies":[{"name":"wp","href":"https:\/\/api.w.org\/{rel}","templated":true}]}}