{"id":8614,"date":"2017-05-15T11:00:54","date_gmt":"2017-05-15T08:00:54","guid":{"rendered":"https:\/\/www.tallinnavesi.ee\/corporate-social-responsibility\/kulalistunnid\/"},"modified":"2017-05-15T11:00:54","modified_gmt":"2017-05-15T08:00:54","slug":"kulalistunnid","status":"publish","type":"page","link":"https:\/\/tallinnavesi.ee\/en\/corporate-social-responsibility\/kulalistunnid\/","title":{"rendered":"K\u00fclalistunnid"},"content":{"rendered":"<p>Oma p\u00f5hi\u00fclesannete k\u00f5rval peame oluliseks toetada ka kogukonna keskkonnateadlikkuse ja vastutustundliku m\u00f5tteviisi edendamist. Meie eesm\u00e4rgiks on <img loading=\"lazy\" decoding=\"async\" class=\"size-medium wp-image-6745 alignright\" src=\"https:\/\/www.tallinnavesi.ee\/wp-content\/uploads\/2017\/05\/ian20lasteaiad-300x204.jpg\" alt=\"\" width=\"300\" height=\"204\" srcset=\"https:\/\/tallinnavesi.ee\/wp-content\/uploads\/2017\/05\/ian20lasteaiad-300x204.jpg 300w, https:\/\/tallinnavesi.ee\/wp-content\/uploads\/2017\/05\/ian20lasteaiad-768x522.jpg 768w, https:\/\/tallinnavesi.ee\/wp-content\/uploads\/2017\/05\/ian20lasteaiad-1024x696.jpg 1024w, https:\/\/tallinnavesi.ee\/wp-content\/uploads\/2017\/05\/ian20lasteaiad.jpg 1099w\" sizes=\"auto, (max-width: 300px) 100vw, 300px\" \/>t\u00f5sta noorte huvi ja teadlikust\u00a0 veest ja s\u00e4\u00e4stvast arengust laiemalt. Seet\u00f5ttu pakume me p\u00f5nevat veeteemalist haridusprogrammi nii lasteaia r\u00fchmadele kui ka algklassidele.<\/p>\n<div>K\u00f5ikidel Tallinna lasteaedadel ja koolidel on v\u00f5imalik kutsuda meid enda juurde k\u00fclla r\u00e4\u00e4kima lastele veest. Veeteemalises vestlusringis r\u00e4\u00e4gime lastega sellest, mis on looduslik veeringe, kust tuleb kraanivesi ning mis saab hiljem kasutatud veest, samuti r\u00e4\u00e4gime vee s\u00e4\u00e4stlikust tarbimisest ja ka ummistustest. Vaatame videosid, teeme veega katseid ja m\u00e4ngime m\u00e4nge. Vestlusringides on oluline osa arutelul.<\/div>\n<div>\nLasteaia programm on m\u00f5eldud <strong>5-7 aastastele<\/strong> ning kestab 40 minutit.<\/div>\n<div>Algklasside programm on p\u00f5nev <strong>1-3 klassi lastele<\/strong> ning kestab 45 minutit.<\/div>\n<div>\nVestlusringide l\u00e4biviimine on <strong>tasuta<\/strong>.<\/div>\n<div>\nKui soovid vestlusringi l\u00e4biviimiseks aega kokku leppida v\u00f5i rohkem infot saada, v\u00f5ta julgesti \u00fchendust:<br \/>\nMaris Neeme<br \/>\n<a href=\"&#109;&#x61;i&#108;&#x74;o&#58;&#x6d;a&#114;&#x69;s&#46;&#x6e;&#101;&#x65;&#x6d;&#101;&#x40;&#x74;&#118;&#x65;s&#105;&#x2e;e&#101;\">&#x6d;&#x61;&#x72;&#x69;&#x73;&#x2e;&#x6e;&#x65;&#x65;&#x6d;&#x65;&#x40;&#x74;&#x76;&#x65;&#x73;&#x69;&#x2e;&#x65;&#x65; <\/a><br \/>\n62 62 244<\/div>\n","protected":false},"excerpt":{"rendered":"<p>Oma p\u00f5hi\u00fclesannete k\u00f5rval peame oluliseks toetada ka kogukonna keskkonnateadlikkuse ja vastutustundliku m\u00f5tteviisi edendamist. Meie eesm\u00e4rgiks on t\u00f5sta noorte huvi ja teadlikust\u00a0 veest ja s\u00e4\u00e4stvast arengust laiemalt. Seet\u00f5ttu pakume me p\u00f5nevat veeteemalist haridusprogrammi nii lasteaia r\u00fchmadele kui ka algklassidele. K\u00f5ikidel Tallinna lasteaedadel ja koolidel on v\u00f5imalik kutsuda meid enda juurde k\u00fclla r\u00e4\u00e4kima lastele veest. Veeteemalises vestlusringis &hellip; <a href=\"https:\/\/tallinnavesi.ee\/en\/corporate-social-responsibility\/kulalistunnid\/\">Continued<\/a><\/p>\n","protected":false},"author":24,"featured_media":0,"parent":8609,"menu_order":1260,"comment_status":"closed","ping_status":"closed","template":"template-environment-sub.php","meta":{"_acf_changed":false,"footnotes":""},"class_list":["post-8614","page","type-page","status-publish","hentry"],"acf":[],"yoast_head":"<!-- This site is optimized with the Yoast SEO plugin v26.1.1 - https:\/\/yoast.com\/wordpress\/plugins\/seo\/ -->\n<title>K\u00fclalistunnid - Tallinnavesi<\/title>\n<meta name=\"robots\" content=\"index, follow, max-snippet:-1, max-image-preview:large, max-video-preview:-1\" \/>\n<link rel=\"canonical\" href=\"https:\/\/tallinnavesi.ee\/en\/corporate-social-responsibility\/kulalistunnid\/\" \/>\n<meta property=\"og:locale\" content=\"en_US\" \/>\n<meta property=\"og:type\" content=\"article\" \/>\n<meta property=\"og:title\" content=\"K\u00fclalistunnid - Tallinnavesi\" \/>\n<meta property=\"og:description\" content=\"Oma p\u00f5hi\u00fclesannete k\u00f5rval peame oluliseks toetada ka kogukonna keskkonnateadlikkuse ja vastutustundliku m\u00f5tteviisi edendamist. Meie eesm\u00e4rgiks on t\u00f5sta noorte huvi ja teadlikust\u00a0 veest ja s\u00e4\u00e4stvast arengust laiemalt. Seet\u00f5ttu pakume me p\u00f5nevat veeteemalist haridusprogrammi nii lasteaia r\u00fchmadele kui ka algklassidele. K\u00f5ikidel Tallinna lasteaedadel ja koolidel on v\u00f5imalik kutsuda meid enda juurde k\u00fclla r\u00e4\u00e4kima lastele veest. Veeteemalises vestlusringis &hellip; Continued\" \/>\n<meta property=\"og:url\" content=\"https:\/\/tallinnavesi.ee\/en\/corporate-social-responsibility\/kulalistunnid\/\" \/>\n<meta property=\"og:site_name\" content=\"Tallinnavesi\" \/>\n<meta property=\"og:image\" content=\"https:\/\/www.tallinnavesi.ee\/wp-content\/uploads\/2017\/05\/ian20lasteaiad-300x204.jpg\" \/>\n<meta name=\"twitter:card\" content=\"summary_large_image\" \/>\n<meta name=\"twitter:label1\" content=\"Est. reading time\" \/>\n\t<meta name=\"twitter:data1\" content=\"1 minute\" \/>\n<script type=\"application\/ld+json\" class=\"yoast-schema-graph\">{\"@context\":\"https:\/\/schema.org\",\"@graph\":[{\"@type\":\"WebPage\",\"@id\":\"https:\/\/tallinnavesi.ee\/en\/corporate-social-responsibility\/kulalistunnid\/\",\"url\":\"https:\/\/tallinnavesi.ee\/en\/corporate-social-responsibility\/kulalistunnid\/\",\"name\":\"K\u00fclalistunnid - Tallinnavesi\",\"isPartOf\":{\"@id\":\"https:\/\/tallinnavesi.ee\/en\/#website\"},\"primaryImageOfPage\":{\"@id\":\"https:\/\/tallinnavesi.ee\/en\/corporate-social-responsibility\/kulalistunnid\/#primaryimage\"},\"image\":{\"@id\":\"https:\/\/tallinnavesi.ee\/en\/corporate-social-responsibility\/kulalistunnid\/#primaryimage\"},\"thumbnailUrl\":\"https:\/\/www.tallinnavesi.ee\/wp-content\/uploads\/2017\/05\/ian20lasteaiad-300x204.jpg\",\"datePublished\":\"2017-05-15T08:00:54+00:00\",\"breadcrumb\":{\"@id\":\"https:\/\/tallinnavesi.ee\/en\/corporate-social-responsibility\/kulalistunnid\/#breadcrumb\"},\"inLanguage\":\"en-US\",\"potentialAction\":[{\"@type\":\"ReadAction\",\"target\":[\"https:\/\/tallinnavesi.ee\/en\/corporate-social-responsibility\/kulalistunnid\/\"]}]},{\"@type\":\"ImageObject\",\"inLanguage\":\"en-US\",\"@id\":\"https:\/\/tallinnavesi.ee\/en\/corporate-social-responsibility\/kulalistunnid\/#primaryimage\",\"url\":\"https:\/\/www.tallinnavesi.ee\/wp-content\/uploads\/2017\/05\/ian20lasteaiad-300x204.jpg\",\"contentUrl\":\"https:\/\/www.tallinnavesi.ee\/wp-content\/uploads\/2017\/05\/ian20lasteaiad-300x204.jpg\"},{\"@type\":\"BreadcrumbList\",\"@id\":\"https:\/\/tallinnavesi.ee\/en\/corporate-social-responsibility\/kulalistunnid\/#breadcrumb\",\"itemListElement\":[{\"@type\":\"ListItem\",\"position\":1,\"name\":\"Home\",\"item\":\"https:\/\/tallinnavesi.ee\/en\/\"},{\"@type\":\"ListItem\",\"position\":2,\"name\":\"CORPORATE SOCIAL RESPONSIBILITY\",\"item\":\"https:\/\/tallinnavesi.ee\/en\/corporate-social-responsibility\/\"},{\"@type\":\"ListItem\",\"position\":3,\"name\":\"K\u00fclalistunnid\"}]},{\"@type\":\"WebSite\",\"@id\":\"https:\/\/tallinnavesi.ee\/en\/#website\",\"url\":\"https:\/\/tallinnavesi.ee\/en\/\",\"name\":\"Tallinnavesi\",\"description\":\"Tallinnavesi\",\"publisher\":{\"@id\":\"https:\/\/tallinnavesi.ee\/en\/#organization\"},\"potentialAction\":[{\"@type\":\"SearchAction\",\"target\":{\"@type\":\"EntryPoint\",\"urlTemplate\":\"https:\/\/tallinnavesi.ee\/en\/?s={search_term_string}\"},\"query-input\":{\"@type\":\"PropertyValueSpecification\",\"valueRequired\":true,\"valueName\":\"search_term_string\"}}],\"inLanguage\":\"en-US\"},{\"@type\":\"Organization\",\"@id\":\"https:\/\/tallinnavesi.ee\/en\/#organization\",\"name\":\"Tallinna Vesi\",\"url\":\"https:\/\/tallinnavesi.ee\/en\/\",\"logo\":{\"@type\":\"ImageObject\",\"inLanguage\":\"en-US\",\"@id\":\"https:\/\/tallinnavesi.ee\/en\/#\/schema\/logo\/image\/\",\"url\":\"https:\/\/tallinnavesi.ee\/wp-content\/uploads\/2017\/05\/logo-astv.png\",\"contentUrl\":\"https:\/\/tallinnavesi.ee\/wp-content\/uploads\/2017\/05\/logo-astv.png\",\"width\":184,\"height\":63,\"caption\":\"Tallinna Vesi\"},\"image\":{\"@id\":\"https:\/\/tallinnavesi.ee\/en\/#\/schema\/logo\/image\/\"}}]}<\/script>\n<!-- \/ Yoast SEO plugin. -->","yoast_head_json":{"title":"K\u00fclalistunnid - Tallinnavesi","robots":{"index":"index","follow":"follow","max-snippet":"max-snippet:-1","max-image-preview":"max-image-preview:large","max-video-preview":"max-video-preview:-1"},"canonical":"https:\/\/tallinnavesi.ee\/en\/corporate-social-responsibility\/kulalistunnid\/","og_locale":"en_US","og_type":"article","og_title":"K\u00fclalistunnid - Tallinnavesi","og_description":"Oma p\u00f5hi\u00fclesannete k\u00f5rval peame oluliseks toetada ka kogukonna keskkonnateadlikkuse ja vastutustundliku m\u00f5tteviisi edendamist. Meie eesm\u00e4rgiks on t\u00f5sta noorte huvi ja teadlikust\u00a0 veest ja s\u00e4\u00e4stvast arengust laiemalt. Seet\u00f5ttu pakume me p\u00f5nevat veeteemalist haridusprogrammi nii lasteaia r\u00fchmadele kui ka algklassidele. K\u00f5ikidel Tallinna lasteaedadel ja koolidel on v\u00f5imalik kutsuda meid enda juurde k\u00fclla r\u00e4\u00e4kima lastele veest. Veeteemalises vestlusringis &hellip; Continued","og_url":"https:\/\/tallinnavesi.ee\/en\/corporate-social-responsibility\/kulalistunnid\/","og_site_name":"Tallinnavesi","og_image":[{"url":"https:\/\/www.tallinnavesi.ee\/wp-content\/uploads\/2017\/05\/ian20lasteaiad-300x204.jpg","type":"","width":"","height":""}],"twitter_card":"summary_large_image","twitter_misc":{"Est. reading time":"1 minute"},"schema":{"@context":"https:\/\/schema.org","@graph":[{"@type":"WebPage","@id":"https:\/\/tallinnavesi.ee\/en\/corporate-social-responsibility\/kulalistunnid\/","url":"https:\/\/tallinnavesi.ee\/en\/corporate-social-responsibility\/kulalistunnid\/","name":"K\u00fclalistunnid - Tallinnavesi","isPartOf":{"@id":"https:\/\/tallinnavesi.ee\/en\/#website"},"primaryImageOfPage":{"@id":"https:\/\/tallinnavesi.ee\/en\/corporate-social-responsibility\/kulalistunnid\/#primaryimage"},"image":{"@id":"https:\/\/tallinnavesi.ee\/en\/corporate-social-responsibility\/kulalistunnid\/#primaryimage"},"thumbnailUrl":"https:\/\/www.tallinnavesi.ee\/wp-content\/uploads\/2017\/05\/ian20lasteaiad-300x204.jpg","datePublished":"2017-05-15T08:00:54+00:00","breadcrumb":{"@id":"https:\/\/tallinnavesi.ee\/en\/corporate-social-responsibility\/kulalistunnid\/#breadcrumb"},"inLanguage":"en-US","potentialAction":[{"@type":"ReadAction","target":["https:\/\/tallinnavesi.ee\/en\/corporate-social-responsibility\/kulalistunnid\/"]}]},{"@type":"ImageObject","inLanguage":"en-US","@id":"https:\/\/tallinnavesi.ee\/en\/corporate-social-responsibility\/kulalistunnid\/#primaryimage","url":"https:\/\/www.tallinnavesi.ee\/wp-content\/uploads\/2017\/05\/ian20lasteaiad-300x204.jpg","contentUrl":"https:\/\/www.tallinnavesi.ee\/wp-content\/uploads\/2017\/05\/ian20lasteaiad-300x204.jpg"},{"@type":"BreadcrumbList","@id":"https:\/\/tallinnavesi.ee\/en\/corporate-social-responsibility\/kulalistunnid\/#breadcrumb","itemListElement":[{"@type":"ListItem","position":1,"name":"Home","item":"https:\/\/tallinnavesi.ee\/en\/"},{"@type":"ListItem","position":2,"name":"CORPORATE SOCIAL RESPONSIBILITY","item":"https:\/\/tallinnavesi.ee\/en\/corporate-social-responsibility\/"},{"@type":"ListItem","position":3,"name":"K\u00fclalistunnid"}]},{"@type":"WebSite","@id":"https:\/\/tallinnavesi.ee\/en\/#website","url":"https:\/\/tallinnavesi.ee\/en\/","name":"Tallinnavesi","description":"Tallinnavesi","publisher":{"@id":"https:\/\/tallinnavesi.ee\/en\/#organization"},"potentialAction":[{"@type":"SearchAction","target":{"@type":"EntryPoint","urlTemplate":"https:\/\/tallinnavesi.ee\/en\/?s={search_term_string}"},"query-input":{"@type":"PropertyValueSpecification","valueRequired":true,"valueName":"search_term_string"}}],"inLanguage":"en-US"},{"@type":"Organization","@id":"https:\/\/tallinnavesi.ee\/en\/#organization","name":"Tallinna Vesi","url":"https:\/\/tallinnavesi.ee\/en\/","logo":{"@type":"ImageObject","inLanguage":"en-US","@id":"https:\/\/tallinnavesi.ee\/en\/#\/schema\/logo\/image\/","url":"https:\/\/tallinnavesi.ee\/wp-content\/uploads\/2017\/05\/logo-astv.png","contentUrl":"https:\/\/tallinnavesi.ee\/wp-content\/uploads\/2017\/05\/logo-astv.png","width":184,"height":63,"caption":"Tallinna Vesi"},"image":{"@id":"https:\/\/tallinnavesi.ee\/en\/#\/schema\/logo\/image\/"}}]}},"_links":{"self":[{"href":"https:\/\/tallinnavesi.ee\/en\/wp-json\/wp\/v2\/pages\/8614","targetHints":{"allow":["GET"]}}],"collection":[{"href":"https:\/\/tallinnavesi.ee\/en\/wp-json\/wp\/v2\/pages"}],"about":[{"href":"https:\/\/tallinnavesi.ee\/en\/wp-json\/wp\/v2\/types\/page"}],"author":[{"embeddable":true,"href":"https:\/\/tallinnavesi.ee\/en\/wp-json\/wp\/v2\/users\/24"}],"replies":[{"embeddable":true,"href":"https:\/\/tallinnavesi.ee\/en\/wp-json\/wp\/v2\/comments?post=8614"}],"version-history":[{"count":0,"href":"https:\/\/tallinnavesi.ee\/en\/wp-json\/wp\/v2\/pages\/8614\/revisions"}],"up":[{"embeddable":true,"href":"https:\/\/tallinnavesi.ee\/en\/wp-json\/wp\/v2\/pages\/8609"}],"wp:attachment":[{"href":"https:\/\/tallinnavesi.ee\/en\/wp-json\/wp\/v2\/media?parent=8614"}],"curies":[{"name":"wp","href":"https:\/\/api.w.org\/{rel}","templated":true}]}}