{"id":10312,"date":"2016-07-24T00:00:00","date_gmt":"2016-07-23T21:00:00","guid":{"rendered":"https:\/\/www.tallinnavesi.ee\/investor\/shareholders-meeting\/aktsionaride-erakorraline-uldkoosolek-16-12-2008\/"},"modified":"2016-07-24T00:00:00","modified_gmt":"2016-07-23T21:00:00","slug":"aktsionaride-erakorraline-uldkoosolek-16-12-2008","status":"publish","type":"page","link":"https:\/\/tallinnavesi.ee\/en\/investor\/shareholders-meeting\/aktsionaride-erakorraline-uldkoosolek-16-12-2008\/","title":{"rendered":"16.12.2008"},"content":{"rendered":"<p>AS Tallinna Vesi aktsion\u00e4ride erakorraline \u00fcldkoosolek toimus 16. detsembril 2008.a kell 09.00-09.30 Hotellis Euroopa. Ettev\u00f5tte 20 miljonist h\u00e4\u00e4lest oli koosolekul esindatud 14 282 920 h\u00e4\u00e4lt so 71,4% h\u00e4\u00e4ltest.<\/p>\n<p>N\u00f5ukogu poolt kinnitatud aktsion\u00e4ride erakorralise \u00fcldkoosoleku p\u00e4evakord:<\/p>\n<p><strong>1. Kutsuda n\u00f5ukogust tagasi hr Henry Emanuel Russell<\/strong><\/p>\n<p>N\u00f5ukogu ettepanek: Kutsuda alates 16.12.2008.a n\u00f5ukogust tagasi hr Henry Russell.<\/p>\n<p><strong>OTSUS:<\/strong> Kutsuda 14 282 892 so 100% poolth\u00e4\u00e4lega AS Tallinna Vesi n\u00f5ukogust tagasi Henry Emanuel Russellalates 16. detsembrist 2008.a<\/p>\n<p><strong>2. Valida hr. Matti Hyyrynen n\u00f5ukogu liikmeks<\/strong><\/p>\n<p>N\u00f5ukogu ettepanek: Valida hr. Matti Hyyrynen AS-i Tallinna Vesi n\u00f5ukogu liikmeks alates 16. detsembrist 2008.a<\/p>\n<p><a href=\"http:\/\/www.tallinnavesi.ee\/wp-content\/uploads\/2016\/06\/Matti_Hyyrynen_CV_EST.pdf\" target=\"_blank\" rel=\"noopener\">Matti Hyyrynen CV<\/a><\/p>\n<p><strong>OTSUS:<\/strong> Kinnitada 14 282 919 so 100% poolth\u00e4\u00e4lega Matti Hyyrynen AS-i Tallinna Vesi n\u00f5ukogu liikmeks alates 16. detsembrist 2008.a.<\/p>\n<p>Juhul, kui Teil on k\u00fcsimusi seoses erakorralise \u00fcldkoosoleku v\u00f5i selle p\u00e4evakorraga, palume need esitada Reigo Marosovile (Kommunikatsioonijuht) e-posti <span id=\"cloak12262\"><a href=\"m&#97;&#105;&#x6c;&#x74;&#x6f;&#x3a;r&#101;&#105;&#103;&#x6f;&#x2e;&#x6d;ar&#111;&#115;&#x6f;&#x76;&#x40;tv&#101;&#115;&#x69;&#x2e;&#x65;e\">&#x72;&#x65;&#x69;&#x67;&#x6f;&#x2e;&#109;&#97;&#114;&#111;sov&#64;&#x74;&#x76;&#x65;&#x73;&#x69;&#x2e;&#101;&#101;<\/a><\/span> v\u00f5i telefoni 62 62 209 teel.<\/p>\n<p>Aktsion\u00e4ri h\u00e4\u00e4le\u00f5igus \u00fcldkoosolekul m\u00e4\u00e4ratakse aktsiaraamatu 06. detsembri 2008.a. kella 23:59 seisu alusel.<\/p>\n<p>\u00dclevaade dokumentidest, mis peavad aktsion\u00e4ril \u00fcldkoosolekul osalemiseks (kas isiklikult v\u00f5i esindaja vahendusel) kaasas olema <a href=\"http:\/\/www.tallinnavesi.ee\/wp-content\/uploads\/2016\/06\/dokumendid_osalemiseks.pdf\" target=\"_blank\" rel=\"noopener\">on saadaval siin.<\/a><\/p>\n<p>Lisainfo:<\/p>\n<div>Reigo Marosov<\/div>\n<div>Kommunikatsioonijuht<\/div>\n<div>Tel: + 372 62 62 209<\/div>\n<div><span id=\"cloak27750\"><a href=\"&#x6d;&#97;i&#x6c;&#x74;&#111;:&#x72;&#101;i&#x67;&#x6f;&#46;m&#x61;&#114;o&#x73;&#x6f;&#118;&#64;&#x74;&#x76;&#101;&#x73;&#x69;&#46;e&#x65;\">&#114;&#x65;&#105;&#x67;o&#x2e;m&#97;&#x72;&#111;&#x73;&#111;&#x76;&#64;&#x74;v&#101;&#x73;&#105;&#x2e;e&#x65;<\/a><\/span><\/div>\n","protected":false},"excerpt":{"rendered":"<p>AS Tallinna Vesi aktsion\u00e4ride erakorraline \u00fcldkoosolek toimus 16. detsembril 2008.a kell 09.00-09.30 Hotellis Euroopa. Ettev\u00f5tte 20 miljonist h\u00e4\u00e4lest oli koosolekul esindatud 14 282 920 h\u00e4\u00e4lt so 71,4% h\u00e4\u00e4ltest. N\u00f5ukogu poolt kinnitatud aktsion\u00e4ride erakorralise \u00fcldkoosoleku p\u00e4evakord: 1. Kutsuda n\u00f5ukogust tagasi hr Henry Emanuel Russell N\u00f5ukogu ettepanek: Kutsuda alates 16.12.2008.a n\u00f5ukogust tagasi hr Henry Russell. OTSUS: Kutsuda &hellip; <a href=\"https:\/\/tallinnavesi.ee\/en\/investor\/shareholders-meeting\/aktsionaride-erakorraline-uldkoosolek-16-12-2008\/\">Continued<\/a><\/p>\n","protected":false},"author":7,"featured_media":0,"parent":7413,"menu_order":1047,"comment_status":"closed","ping_status":"closed","template":"template-investor-sub.php","meta":{"_acf_changed":false,"footnotes":""},"class_list":["post-10312","page","type-page","status-publish","hentry"],"acf":[],"yoast_head":"<!-- This site is optimized with the Yoast SEO plugin v26.1.1 - https:\/\/yoast.com\/wordpress\/plugins\/seo\/ -->\n<title>16.12.2008 - Tallinnavesi<\/title>\n<meta name=\"robots\" content=\"index, follow, max-snippet:-1, max-image-preview:large, max-video-preview:-1\" \/>\n<link rel=\"canonical\" href=\"https:\/\/tallinnavesi.ee\/en\/investor\/shareholders-meeting\/aktsionaride-erakorraline-uldkoosolek-16-12-2008\/\" \/>\n<meta property=\"og:locale\" content=\"en_US\" \/>\n<meta property=\"og:type\" content=\"article\" \/>\n<meta property=\"og:title\" content=\"16.12.2008 - Tallinnavesi\" \/>\n<meta property=\"og:description\" content=\"AS Tallinna Vesi aktsion\u00e4ride erakorraline \u00fcldkoosolek toimus 16. detsembril 2008.a kell 09.00-09.30 Hotellis Euroopa. Ettev\u00f5tte 20 miljonist h\u00e4\u00e4lest oli koosolekul esindatud 14 282 920 h\u00e4\u00e4lt so 71,4% h\u00e4\u00e4ltest. N\u00f5ukogu poolt kinnitatud aktsion\u00e4ride erakorralise \u00fcldkoosoleku p\u00e4evakord: 1. Kutsuda n\u00f5ukogust tagasi hr Henry Emanuel Russell N\u00f5ukogu ettepanek: Kutsuda alates 16.12.2008.a n\u00f5ukogust tagasi hr Henry Russell. OTSUS: Kutsuda &hellip; Continued\" \/>\n<meta property=\"og:url\" content=\"https:\/\/tallinnavesi.ee\/en\/investor\/shareholders-meeting\/aktsionaride-erakorraline-uldkoosolek-16-12-2008\/\" \/>\n<meta property=\"og:site_name\" content=\"Tallinnavesi\" \/>\n<meta name=\"twitter:card\" content=\"summary_large_image\" \/>\n<meta name=\"twitter:label1\" content=\"Est. reading time\" \/>\n\t<meta name=\"twitter:data1\" content=\"1 minute\" \/>\n<script type=\"application\/ld+json\" class=\"yoast-schema-graph\">{\"@context\":\"https:\/\/schema.org\",\"@graph\":[{\"@type\":\"WebPage\",\"@id\":\"https:\/\/tallinnavesi.ee\/en\/investor\/shareholders-meeting\/aktsionaride-erakorraline-uldkoosolek-16-12-2008\/\",\"url\":\"https:\/\/tallinnavesi.ee\/en\/investor\/shareholders-meeting\/aktsionaride-erakorraline-uldkoosolek-16-12-2008\/\",\"name\":\"16.12.2008 - Tallinnavesi\",\"isPartOf\":{\"@id\":\"https:\/\/tallinnavesi.ee\/en\/#website\"},\"datePublished\":\"2016-07-23T21:00:00+00:00\",\"breadcrumb\":{\"@id\":\"https:\/\/tallinnavesi.ee\/en\/investor\/shareholders-meeting\/aktsionaride-erakorraline-uldkoosolek-16-12-2008\/#breadcrumb\"},\"inLanguage\":\"en-US\",\"potentialAction\":[{\"@type\":\"ReadAction\",\"target\":[\"https:\/\/tallinnavesi.ee\/en\/investor\/shareholders-meeting\/aktsionaride-erakorraline-uldkoosolek-16-12-2008\/\"]}]},{\"@type\":\"BreadcrumbList\",\"@id\":\"https:\/\/tallinnavesi.ee\/en\/investor\/shareholders-meeting\/aktsionaride-erakorraline-uldkoosolek-16-12-2008\/#breadcrumb\",\"itemListElement\":[{\"@type\":\"ListItem\",\"position\":1,\"name\":\"Home\",\"item\":\"https:\/\/tallinnavesi.ee\/en\/\"},{\"@type\":\"ListItem\",\"position\":2,\"name\":\"Investor\",\"item\":\"https:\/\/tallinnavesi.ee\/en\/investor\/\"},{\"@type\":\"ListItem\",\"position\":3,\"name\":\"Shareholders meeting\",\"item\":\"https:\/\/tallinnavesi.ee\/en\/investor\/shareholders-meeting\/\"},{\"@type\":\"ListItem\",\"position\":4,\"name\":\"16.12.2008\"}]},{\"@type\":\"WebSite\",\"@id\":\"https:\/\/tallinnavesi.ee\/en\/#website\",\"url\":\"https:\/\/tallinnavesi.ee\/en\/\",\"name\":\"Tallinnavesi\",\"description\":\"Tallinnavesi\",\"publisher\":{\"@id\":\"https:\/\/tallinnavesi.ee\/en\/#organization\"},\"potentialAction\":[{\"@type\":\"SearchAction\",\"target\":{\"@type\":\"EntryPoint\",\"urlTemplate\":\"https:\/\/tallinnavesi.ee\/en\/?s={search_term_string}\"},\"query-input\":{\"@type\":\"PropertyValueSpecification\",\"valueRequired\":true,\"valueName\":\"search_term_string\"}}],\"inLanguage\":\"en-US\"},{\"@type\":\"Organization\",\"@id\":\"https:\/\/tallinnavesi.ee\/en\/#organization\",\"name\":\"Tallinna Vesi\",\"url\":\"https:\/\/tallinnavesi.ee\/en\/\",\"logo\":{\"@type\":\"ImageObject\",\"inLanguage\":\"en-US\",\"@id\":\"https:\/\/tallinnavesi.ee\/en\/#\/schema\/logo\/image\/\",\"url\":\"https:\/\/tallinnavesi.ee\/wp-content\/uploads\/2017\/05\/logo-astv.png\",\"contentUrl\":\"https:\/\/tallinnavesi.ee\/wp-content\/uploads\/2017\/05\/logo-astv.png\",\"width\":184,\"height\":63,\"caption\":\"Tallinna Vesi\"},\"image\":{\"@id\":\"https:\/\/tallinnavesi.ee\/en\/#\/schema\/logo\/image\/\"}}]}<\/script>\n<!-- \/ Yoast SEO plugin. -->","yoast_head_json":{"title":"16.12.2008 - Tallinnavesi","robots":{"index":"index","follow":"follow","max-snippet":"max-snippet:-1","max-image-preview":"max-image-preview:large","max-video-preview":"max-video-preview:-1"},"canonical":"https:\/\/tallinnavesi.ee\/en\/investor\/shareholders-meeting\/aktsionaride-erakorraline-uldkoosolek-16-12-2008\/","og_locale":"en_US","og_type":"article","og_title":"16.12.2008 - Tallinnavesi","og_description":"AS Tallinna Vesi aktsion\u00e4ride erakorraline \u00fcldkoosolek toimus 16. detsembril 2008.a kell 09.00-09.30 Hotellis Euroopa. Ettev\u00f5tte 20 miljonist h\u00e4\u00e4lest oli koosolekul esindatud 14 282 920 h\u00e4\u00e4lt so 71,4% h\u00e4\u00e4ltest. N\u00f5ukogu poolt kinnitatud aktsion\u00e4ride erakorralise \u00fcldkoosoleku p\u00e4evakord: 1. Kutsuda n\u00f5ukogust tagasi hr Henry Emanuel Russell N\u00f5ukogu ettepanek: Kutsuda alates 16.12.2008.a n\u00f5ukogust tagasi hr Henry Russell. OTSUS: Kutsuda &hellip; Continued","og_url":"https:\/\/tallinnavesi.ee\/en\/investor\/shareholders-meeting\/aktsionaride-erakorraline-uldkoosolek-16-12-2008\/","og_site_name":"Tallinnavesi","twitter_card":"summary_large_image","twitter_misc":{"Est. reading time":"1 minute"},"schema":{"@context":"https:\/\/schema.org","@graph":[{"@type":"WebPage","@id":"https:\/\/tallinnavesi.ee\/en\/investor\/shareholders-meeting\/aktsionaride-erakorraline-uldkoosolek-16-12-2008\/","url":"https:\/\/tallinnavesi.ee\/en\/investor\/shareholders-meeting\/aktsionaride-erakorraline-uldkoosolek-16-12-2008\/","name":"16.12.2008 - Tallinnavesi","isPartOf":{"@id":"https:\/\/tallinnavesi.ee\/en\/#website"},"datePublished":"2016-07-23T21:00:00+00:00","breadcrumb":{"@id":"https:\/\/tallinnavesi.ee\/en\/investor\/shareholders-meeting\/aktsionaride-erakorraline-uldkoosolek-16-12-2008\/#breadcrumb"},"inLanguage":"en-US","potentialAction":[{"@type":"ReadAction","target":["https:\/\/tallinnavesi.ee\/en\/investor\/shareholders-meeting\/aktsionaride-erakorraline-uldkoosolek-16-12-2008\/"]}]},{"@type":"BreadcrumbList","@id":"https:\/\/tallinnavesi.ee\/en\/investor\/shareholders-meeting\/aktsionaride-erakorraline-uldkoosolek-16-12-2008\/#breadcrumb","itemListElement":[{"@type":"ListItem","position":1,"name":"Home","item":"https:\/\/tallinnavesi.ee\/en\/"},{"@type":"ListItem","position":2,"name":"Investor","item":"https:\/\/tallinnavesi.ee\/en\/investor\/"},{"@type":"ListItem","position":3,"name":"Shareholders meeting","item":"https:\/\/tallinnavesi.ee\/en\/investor\/shareholders-meeting\/"},{"@type":"ListItem","position":4,"name":"16.12.2008"}]},{"@type":"WebSite","@id":"https:\/\/tallinnavesi.ee\/en\/#website","url":"https:\/\/tallinnavesi.ee\/en\/","name":"Tallinnavesi","description":"Tallinnavesi","publisher":{"@id":"https:\/\/tallinnavesi.ee\/en\/#organization"},"potentialAction":[{"@type":"SearchAction","target":{"@type":"EntryPoint","urlTemplate":"https:\/\/tallinnavesi.ee\/en\/?s={search_term_string}"},"query-input":{"@type":"PropertyValueSpecification","valueRequired":true,"valueName":"search_term_string"}}],"inLanguage":"en-US"},{"@type":"Organization","@id":"https:\/\/tallinnavesi.ee\/en\/#organization","name":"Tallinna Vesi","url":"https:\/\/tallinnavesi.ee\/en\/","logo":{"@type":"ImageObject","inLanguage":"en-US","@id":"https:\/\/tallinnavesi.ee\/en\/#\/schema\/logo\/image\/","url":"https:\/\/tallinnavesi.ee\/wp-content\/uploads\/2017\/05\/logo-astv.png","contentUrl":"https:\/\/tallinnavesi.ee\/wp-content\/uploads\/2017\/05\/logo-astv.png","width":184,"height":63,"caption":"Tallinna Vesi"},"image":{"@id":"https:\/\/tallinnavesi.ee\/en\/#\/schema\/logo\/image\/"}}]}},"_links":{"self":[{"href":"https:\/\/tallinnavesi.ee\/en\/wp-json\/wp\/v2\/pages\/10312","targetHints":{"allow":["GET"]}}],"collection":[{"href":"https:\/\/tallinnavesi.ee\/en\/wp-json\/wp\/v2\/pages"}],"about":[{"href":"https:\/\/tallinnavesi.ee\/en\/wp-json\/wp\/v2\/types\/page"}],"author":[{"embeddable":true,"href":"https:\/\/tallinnavesi.ee\/en\/wp-json\/wp\/v2\/users\/7"}],"replies":[{"embeddable":true,"href":"https:\/\/tallinnavesi.ee\/en\/wp-json\/wp\/v2\/comments?post=10312"}],"version-history":[{"count":0,"href":"https:\/\/tallinnavesi.ee\/en\/wp-json\/wp\/v2\/pages\/10312\/revisions"}],"up":[{"embeddable":true,"href":"https:\/\/tallinnavesi.ee\/en\/wp-json\/wp\/v2\/pages\/7413"}],"wp:attachment":[{"href":"https:\/\/tallinnavesi.ee\/en\/wp-json\/wp\/v2\/media?parent=10312"}],"curies":[{"name":"wp","href":"https:\/\/api.w.org\/{rel}","templated":true}]}}