{"id":10088,"date":"2013-04-25T00:00:00","date_gmt":"2013-04-24T21:00:00","guid":{"rendered":"https:\/\/www.tallinnavesi.ee\/investor\/shareholders-meeting\/21st-of-may-2013\/aktsionaride-korralise-uldkoosoleku-kokkukutsumise-teade\/"},"modified":"2018-01-12T13:31:44","modified_gmt":"2018-01-12T11:31:44","slug":"aktsionaride-korralise-uldkoosoleku-kokkukutsumise-teade","status":"publish","type":"page","link":"https:\/\/tallinnavesi.ee\/en\/investor\/shareholders-meeting\/21st-of-may-2013\/aktsionaride-korralise-uldkoosoleku-kokkukutsumise-teade\/","title":{"rendered":"2013: Notice to convene the Annual General Meeting of Shareholders"},"content":{"rendered":"<p style=\"text-align: justify;\">AS Tallinna Vesi (registrikood 10257326, aadress \u00c4dala 10, 10614 Tallinn) juhatus teatab, et Seltsi aktsion\u00e4ride korraline \u00fcldkoosolek toimub teisip\u00e4eval, 21. mail 2013.a algusega kell 09.00 (GMT+2) Hotell Euroopa (Paadi 5, 10151 Tallinn) 2. korruse konverentsiruumis &#8220;L\u00e4\u00e4ne-Euroopa&#8221;.<\/p>\n<p style=\"text-align: justify;\">Koosolekust osav\u00f5tjate registreerimine algab 21. mail 2013.a kell 08.30 (GMT+2) koosoleku toimumise kohas.<\/p>\n<p style=\"text-align: justify;\">N\u00f5ukogu poolt kinnitatud aktsion\u00e4ride korralise \u00fcldkoosoleku p\u00e4evakord koos j\u00e4rgmiste ettepanekutega:<\/p>\n<p style=\"text-align: justify;\"><strong>\u00a0<\/strong><\/p>\n<p style=\"text-align: justify;\"><strong>1. 2012.a majandusaasta aruande kinnitamine<\/strong><\/p>\n<p style=\"text-align: justify;\">N\u00f5ukogu ettepanek: Kinnitada 2012.a majandusaasta aruanne.<\/p>\n<p style=\"text-align: justify;\"><strong>2. Kasumi jaotamine<\/strong><\/p>\n<p style=\"text-align: justify;\">N\u00f5ukogu ettepanek: Seltsi 2012 majandusaasta puhaskasumi suuruseks on 22 599 000 (kaksk\u00fcmmend kaks miljonit viissada \u00fcheksak\u00fcmmend \u00fcheksa tuhat) eurot. Jaotada dividendidena 17 400 600 (seitseteist miljonit nelisada tuhat kuussada) eurot AS-i Tallinna Vesi 31.12.2012.a seisuga kogunenud 46 661 000 (neljak\u00fcmne kuue miljoni kuuesaja kuuek\u00fcmne \u00fche tuhande) eurosest jaotamata kasumist, sh 2012. a. 22 599 000 (kahek\u00fcmne kahe miljoni viiesaja \u00fcheksak\u00fcmne \u00fcheksa tuhande) eurosest puhaskasumist, millest A-aktsia omanikele makstakse dividende 0,87 eurot (kaheksak\u00fcmmend seitse eurosenti) aktsia kohta ja B-aktsia omanikule 600 (kuussada) eurot aktsia kohta. J\u00e4tta eelmiste perioodide jaotamata kasum jaotamata ning mitte teha puhaskasumist eraldisi reservkapitali.<\/p>\n<p style=\"text-align: justify;\">Juhatuse ettepaneku kohaselt otsustas n\u00f5ukogu esitada \u00fcldkoosolekule ettepanek maksta dividendid aktsion\u00e4ridele v\u00e4lja 14. juunil 2013.a ja fikseerida dividendi\u00f5iguslike v\u00e4\u00e4rtpaberiomanike nimekiri 04. juuni 2013.a kella 23.59 seisu alusel.<\/p>\n<p style=\"text-align: justify;\"><strong>3. N\u00f5ukogu liikme tagasikutsumine<\/strong><\/p>\n<p style=\"text-align: justify;\">Juhatuse ettepanek: Seoses s\u00f5ltumatute n\u00f5ukogu liikmete vahetust puudutava hea \u00fchingujuhtimise tavaga kutsuda AS-i Tallinna Vesi n\u00f5ukogust tagasi hr Valdur Laid.<\/p>\n<p style=\"text-align: justify;\"><strong>4. N\u00f5ukogu liikme valimine<\/strong><\/p>\n<p style=\"text-align: justify;\">Juhatuse ettepanek: Valida hr. Allar J\u00f5ks s\u00f5ltumatu liikmena AS-i Tallinna Vesi n\u00f5ukogu liikmeks alates 21.05.2013.a.<\/p>\n<p style=\"text-align: justify;\"><strong>5. Audiitori valimine<\/strong><\/p>\n<p style=\"text-align: justify;\">N\u00f5ukogu hinnang audiitori tegevusele ja ettepanek:<\/p>\n<p style=\"text-align: justify;\">AS PricewaterhouseCoopers on 2012. majandusaastal osutanud AS-ile Tallinna Vesi auditeerimisteenuseid poolte vahel 2012.a s\u00f5lmitud lepingu alusel. N\u00f5ukogu hinnangul on AS PricewaterhouseCoopers osutanud auditeerimisteenuseid koosk\u00f5las lepinguga ning n\u00f5ukogul ei ole pretensioone auditeerimisteenuste kvaliteedi osas.<\/p>\n<p style=\"text-align: justify;\">M\u00e4\u00e4rata Seltsi 2013.a. majandusaasta audiitoriks AS PricewaterhouseCoopers ning juhtivaudiitoriks hr. Ago Vilu. Kiita heaks audiitoriga s\u00f5lmitud lepingus audiitori tasustamise kord.<\/p>\n<p style=\"text-align: justify;\"><strong>6. Juhatuse esimehe \u00fclevaade erastamislepingu vaidluse teemal<\/strong><\/p>\n<p style=\"text-align: justify;\">&#8212;&#8212;&#8212;&#8212;&#8212;&#8212;&#8212;&#8212;&#8212;&#8212;&#8212;&#8211;<\/p>\n<p style=\"text-align: justify;\">Aktsion\u00e4rid, kelle aktsiatega on esindatud v\u00e4hemalt 1\/20 aktsiakapitalist, v\u00f5ivad n\u00f5uda t\u00e4iendavate k\u00fcsimuste v\u00f5tmist \u00fcldkoosoleku p\u00e4evakorda, kui vastav n\u00f5ue on esitatud kirjalikult hiljemalt 15 p\u00e4eva enne \u00fcldkoosoleku toimumist, s.o hiljemalt 05.05.2013.a. Aktsion\u00e4rid, kelle aktsiatega on esindatud v\u00e4hemalt 1\/20 aktsiakapitalist, v\u00f5ivad kirjalikult esitada iga p\u00e4evakorrapunkti kohta otsuse eeln\u00f5u mitte hiljem kui 3 p\u00e4eva enne \u00fcldkoosoleku toimumist, s.o hiljemalt 17.05.2013.a. t\u00f6\u00f6p\u00e4eva l\u00f5puks (s.o kl 17.00 GMT+2). Nende \u00f5iguste teostamise kord on avaldatud AS-i Tallinna Vesi kodulehek\u00fcljel <a href=\"http:\/\/www.tallinnavesi.ee\/\" target=\"_blank\" rel=\"noopener\">www.tallinnavesi.ee<\/a>, kus avaldatakse ka aktsion\u00e4ride poolt esitatud otsuste eeln\u00f5ud ja p\u00f5hjendused p\u00e4rast nende laekumist.<\/p>\n<p style=\"text-align: justify;\">P\u00e4rast \u00fcldkoosoleku p\u00e4evakorra, sh t\u00e4iendavate punktide ammendamist, saavad aktsion\u00e4rid k\u00fcsida juhatuselt teavet aktsiaseltsi tegevuse kohta vastavalt AS-i Tallinna Vesi kodulehek\u00fcljel <a href=\"http:\/\/www.tallinnavesi.ee\/\">www.tallinnavesi.ee<\/a> avaldatud korrale.<\/p>\n<p style=\"text-align: justify;\">Taustinformatsioon p\u00e4evakorra kohta, AS-i Tallinna Vesi 2012.a majandusaasta aruanne, n\u00f5ukogu aruanne, audiitori aruanne, kasumi jaotamise ettepanek, audiitori tasustamise kord, esitatud otsuste eeln\u00f5ud ja aktsion\u00e4ride esitatud p\u00f5hjendused t\u00e4iendavate p\u00e4evakorrapunktide kohta koos vastavate otsuste eeln\u00f5udega ning muud seaduse kohaselt avalikustamisele kuuluvad andmed ja muud seaduse kohaselt \u00fcldkoosolekule esitatavad dokumendid ning p\u00e4evakorraga seotud muu oluline teave, sh andmed n\u00f5ukogu liikme kandidaadi ja audiitori kandidaadi kohta, on avaldatud ka AS\u2011i Tallinna Vesi kodulehek\u00fcljel <a href=\"http:\/\/www.tallinnavesi.ee\/\" target=\"_blank\" rel=\"noopener\">www.tallinnavesi.ee<\/a>. Samuti on seal \u00fclevaade dokumentidest, mis peavad aktsion\u00e4ril \u00fcldkoosolekul osalemiseks (kas isiklikult v\u00f5i esindaja vahendusel) kaasas olema.<\/p>\n<p style=\"text-align: justify;\">AS-i Tallinna Vesi 2012.a majandusaasta aruandega, n\u00f5ukogu aruandega ning audiitori aruandega saab tutvuda ka NASDAQ OMX Tallinna B\u00f6rsi kodulehel <a href=\"http:\/\/www.nasdaqomxbaltic.com\" target=\"_blank\" rel=\"noopener\" class=\"broken_link\">http:\/\/www.nasdaqomxbaltic.com<\/a>.<\/p>\n<p style=\"text-align: justify;\">K\u00fcsimused seoses aktsion\u00e4ride korralise \u00fcldkoosoleku v\u00f5i selle p\u00e4evakorraga palume esitada AS-i Tallinna Vesi kommunikatsioonijuhile, pr Mariliis Mia Topp&#8217;ile (e-post <a href=\"&#109;&#x61;&#105;&#x6c;&#116;&#x6f;&#58;&#x6d;&#97;&#x72;&#105;&#x6c;&#105;&#x69;&#115;&#x2e;&#116;&#x6f;&#112;&#x70;&#64;&#x74;&#118;&#x65;&#115;&#x69;&#46;&#x65;e\" target=\"_blank\" rel=\"noopener\">&#x6d;&#97;&#x72;&#x69;&#108;&#x69;&#x69;&#115;&#x2e;&#x74;&#111;&#x70;&#x70;&#64;&#x74;&#x76;e&#x73;&#105;&#46;&#x65;&#101;<\/a>, telefon 6262 275). K\u00fcsimused, vastused ja \u00fcldkoosoleku protokoll avalikustatakse AS\u2011i Tallinna Vesi kodulehek\u00fcljel. Eeltoodud e-posti aadressil saab saata ka kirjaliku teate aktsion\u00e4ri esindaja m\u00e4\u00e4ramisest v\u00f5i esindaja volituste tagasiv\u00f5tmisest hiljemalt \u00fcldkoosoleku eelsel t\u00f6\u00f6p\u00e4eval 20.05.2013.a.<\/p>\n<p style=\"text-align: justify;\">Aktsion\u00e4ri esindajal palume kaasa v\u00f5tta kehtiv isikut t\u00f5endav dokument ja kehtiv kirjalik volikiri. Juriidiliste isikute puhul palume kaasa v\u00f5tta lisaks ka kehtiv registrikaardi v\u00e4ljav\u00f5te. V\u00e4lisriigi ametiisiku poolt v\u00e4ljastatud iga dokument peab olema kas legaliseeritud v\u00f5i kinnitatud dokumenditunnistuse apostille&#8217;iga ning soovitavalt tuleks sellele lisada notariaalselt kinnitatud t\u00f5lge eesti keelde. Kui aktsion\u00e4r peaks soovima kasutada esindaja m\u00e4\u00e4ramiseks volikirja vormi, siis vastav vorm asub AS-i Tallinna Vesi kodulehel, alajaotuses \u201e\u00dcldkoosolekul osalemiseks vajalikud isikut t\u00f5endavad dokumendid&#8221;.<\/p>\n<p style=\"text-align: justify;\">\u00dcldkoosolekul h\u00e4\u00e4le\u00f5iguslike aktsion\u00e4ride nimekiri m\u00e4\u00e4ratakse aktsiaraamatu 14.05.2013.a. kella 23.59 (GMT+2) seisu alusel.<\/p>\n","protected":false},"excerpt":{"rendered":"<p>AS Tallinna Vesi (registrikood 10257326, aadress \u00c4dala 10, 10614 Tallinn) juhatus teatab, et Seltsi aktsion\u00e4ride korraline \u00fcldkoosolek toimub teisip\u00e4eval, 21. mail 2013.a algusega kell 09.00 (GMT+2) Hotell Euroopa (Paadi 5, 10151 Tallinn) 2. korruse konverentsiruumis &#8220;L\u00e4\u00e4ne-Euroopa&#8221;. Koosolekust osav\u00f5tjate registreerimine algab 21. mail 2013.a kell 08.30 (GMT+2) koosoleku toimumise kohas. N\u00f5ukogu poolt kinnitatud aktsion\u00e4ride korralise \u00fcldkoosoleku &hellip; <a href=\"https:\/\/tallinnavesi.ee\/en\/investor\/shareholders-meeting\/21st-of-may-2013\/aktsionaride-korralise-uldkoosoleku-kokkukutsumise-teade\/\">Continued<\/a><\/p>\n","protected":false},"author":7,"featured_media":0,"parent":7420,"menu_order":703,"comment_status":"closed","ping_status":"closed","template":"template-investor-sub.php","meta":{"_acf_changed":false,"footnotes":""},"class_list":["post-10088","page","type-page","status-publish","hentry"],"acf":[],"yoast_head":"<!-- This site is optimized with the Yoast SEO plugin v26.1.1 - https:\/\/yoast.com\/wordpress\/plugins\/seo\/ -->\n<title>2013: Notice to convene the Annual General Meeting of Shareholders - Tallinnavesi<\/title>\n<meta name=\"robots\" content=\"index, follow, max-snippet:-1, max-image-preview:large, max-video-preview:-1\" \/>\n<link rel=\"canonical\" href=\"https:\/\/tallinnavesi.ee\/en\/investor\/shareholders-meeting\/21st-of-may-2013\/aktsionaride-korralise-uldkoosoleku-kokkukutsumise-teade\/\" \/>\n<meta property=\"og:locale\" content=\"en_US\" \/>\n<meta property=\"og:type\" content=\"article\" \/>\n<meta property=\"og:title\" content=\"2013: Notice to convene the Annual General Meeting of Shareholders - Tallinnavesi\" \/>\n<meta property=\"og:description\" content=\"AS Tallinna Vesi (registrikood 10257326, aadress \u00c4dala 10, 10614 Tallinn) juhatus teatab, et Seltsi aktsion\u00e4ride korraline \u00fcldkoosolek toimub teisip\u00e4eval, 21. mail 2013.a algusega kell 09.00 (GMT+2) Hotell Euroopa (Paadi 5, 10151 Tallinn) 2. korruse konverentsiruumis &#8220;L\u00e4\u00e4ne-Euroopa&#8221;. Koosolekust osav\u00f5tjate registreerimine algab 21. mail 2013.a kell 08.30 (GMT+2) koosoleku toimumise kohas. N\u00f5ukogu poolt kinnitatud aktsion\u00e4ride korralise \u00fcldkoosoleku &hellip; Continued\" \/>\n<meta property=\"og:url\" content=\"https:\/\/tallinnavesi.ee\/en\/investor\/shareholders-meeting\/21st-of-may-2013\/aktsionaride-korralise-uldkoosoleku-kokkukutsumise-teade\/\" \/>\n<meta property=\"og:site_name\" content=\"Tallinnavesi\" \/>\n<meta property=\"article:modified_time\" content=\"2018-01-12T11:31:44+00:00\" \/>\n<meta name=\"twitter:card\" content=\"summary_large_image\" \/>\n<meta name=\"twitter:label1\" content=\"Est. reading time\" \/>\n\t<meta name=\"twitter:data1\" content=\"4 minutes\" \/>\n<script type=\"application\/ld+json\" class=\"yoast-schema-graph\">{\"@context\":\"https:\/\/schema.org\",\"@graph\":[{\"@type\":\"WebPage\",\"@id\":\"https:\/\/tallinnavesi.ee\/en\/investor\/shareholders-meeting\/21st-of-may-2013\/aktsionaride-korralise-uldkoosoleku-kokkukutsumise-teade\/\",\"url\":\"https:\/\/tallinnavesi.ee\/en\/investor\/shareholders-meeting\/21st-of-may-2013\/aktsionaride-korralise-uldkoosoleku-kokkukutsumise-teade\/\",\"name\":\"2013: Notice to convene the Annual General Meeting of Shareholders - Tallinnavesi\",\"isPartOf\":{\"@id\":\"https:\/\/tallinnavesi.ee\/en\/#website\"},\"datePublished\":\"2013-04-24T21:00:00+00:00\",\"dateModified\":\"2018-01-12T11:31:44+00:00\",\"breadcrumb\":{\"@id\":\"https:\/\/tallinnavesi.ee\/en\/investor\/shareholders-meeting\/21st-of-may-2013\/aktsionaride-korralise-uldkoosoleku-kokkukutsumise-teade\/#breadcrumb\"},\"inLanguage\":\"en-US\",\"potentialAction\":[{\"@type\":\"ReadAction\",\"target\":[\"https:\/\/tallinnavesi.ee\/en\/investor\/shareholders-meeting\/21st-of-may-2013\/aktsionaride-korralise-uldkoosoleku-kokkukutsumise-teade\/\"]}]},{\"@type\":\"BreadcrumbList\",\"@id\":\"https:\/\/tallinnavesi.ee\/en\/investor\/shareholders-meeting\/21st-of-may-2013\/aktsionaride-korralise-uldkoosoleku-kokkukutsumise-teade\/#breadcrumb\",\"itemListElement\":[{\"@type\":\"ListItem\",\"position\":1,\"name\":\"Home\",\"item\":\"https:\/\/tallinnavesi.ee\/en\/\"},{\"@type\":\"ListItem\",\"position\":2,\"name\":\"Investor\",\"item\":\"https:\/\/tallinnavesi.ee\/en\/investor\/\"},{\"@type\":\"ListItem\",\"position\":3,\"name\":\"Shareholders meeting\",\"item\":\"https:\/\/tallinnavesi.ee\/en\/investor\/shareholders-meeting\/\"},{\"@type\":\"ListItem\",\"position\":4,\"name\":\"21.05.2013\",\"item\":\"https:\/\/tallinnavesi.ee\/en\/investor\/shareholders-meeting\/21st-of-may-2013\/\"},{\"@type\":\"ListItem\",\"position\":5,\"name\":\"2013: Notice to convene the Annual General Meeting of Shareholders\"}]},{\"@type\":\"WebSite\",\"@id\":\"https:\/\/tallinnavesi.ee\/en\/#website\",\"url\":\"https:\/\/tallinnavesi.ee\/en\/\",\"name\":\"Tallinnavesi\",\"description\":\"Tallinnavesi\",\"publisher\":{\"@id\":\"https:\/\/tallinnavesi.ee\/en\/#organization\"},\"potentialAction\":[{\"@type\":\"SearchAction\",\"target\":{\"@type\":\"EntryPoint\",\"urlTemplate\":\"https:\/\/tallinnavesi.ee\/en\/?s={search_term_string}\"},\"query-input\":{\"@type\":\"PropertyValueSpecification\",\"valueRequired\":true,\"valueName\":\"search_term_string\"}}],\"inLanguage\":\"en-US\"},{\"@type\":\"Organization\",\"@id\":\"https:\/\/tallinnavesi.ee\/en\/#organization\",\"name\":\"Tallinna Vesi\",\"url\":\"https:\/\/tallinnavesi.ee\/en\/\",\"logo\":{\"@type\":\"ImageObject\",\"inLanguage\":\"en-US\",\"@id\":\"https:\/\/tallinnavesi.ee\/en\/#\/schema\/logo\/image\/\",\"url\":\"https:\/\/tallinnavesi.ee\/wp-content\/uploads\/2017\/05\/logo-astv.png\",\"contentUrl\":\"https:\/\/tallinnavesi.ee\/wp-content\/uploads\/2017\/05\/logo-astv.png\",\"width\":184,\"height\":63,\"caption\":\"Tallinna Vesi\"},\"image\":{\"@id\":\"https:\/\/tallinnavesi.ee\/en\/#\/schema\/logo\/image\/\"}}]}<\/script>\n<!-- \/ Yoast SEO plugin. -->","yoast_head_json":{"title":"2013: Notice to convene the Annual General Meeting of Shareholders - Tallinnavesi","robots":{"index":"index","follow":"follow","max-snippet":"max-snippet:-1","max-image-preview":"max-image-preview:large","max-video-preview":"max-video-preview:-1"},"canonical":"https:\/\/tallinnavesi.ee\/en\/investor\/shareholders-meeting\/21st-of-may-2013\/aktsionaride-korralise-uldkoosoleku-kokkukutsumise-teade\/","og_locale":"en_US","og_type":"article","og_title":"2013: Notice to convene the Annual General Meeting of Shareholders - Tallinnavesi","og_description":"AS Tallinna Vesi (registrikood 10257326, aadress \u00c4dala 10, 10614 Tallinn) juhatus teatab, et Seltsi aktsion\u00e4ride korraline \u00fcldkoosolek toimub teisip\u00e4eval, 21. mail 2013.a algusega kell 09.00 (GMT+2) Hotell Euroopa (Paadi 5, 10151 Tallinn) 2. korruse konverentsiruumis &#8220;L\u00e4\u00e4ne-Euroopa&#8221;. Koosolekust osav\u00f5tjate registreerimine algab 21. mail 2013.a kell 08.30 (GMT+2) koosoleku toimumise kohas. N\u00f5ukogu poolt kinnitatud aktsion\u00e4ride korralise \u00fcldkoosoleku &hellip; Continued","og_url":"https:\/\/tallinnavesi.ee\/en\/investor\/shareholders-meeting\/21st-of-may-2013\/aktsionaride-korralise-uldkoosoleku-kokkukutsumise-teade\/","og_site_name":"Tallinnavesi","article_modified_time":"2018-01-12T11:31:44+00:00","twitter_card":"summary_large_image","twitter_misc":{"Est. reading time":"4 minutes"},"schema":{"@context":"https:\/\/schema.org","@graph":[{"@type":"WebPage","@id":"https:\/\/tallinnavesi.ee\/en\/investor\/shareholders-meeting\/21st-of-may-2013\/aktsionaride-korralise-uldkoosoleku-kokkukutsumise-teade\/","url":"https:\/\/tallinnavesi.ee\/en\/investor\/shareholders-meeting\/21st-of-may-2013\/aktsionaride-korralise-uldkoosoleku-kokkukutsumise-teade\/","name":"2013: Notice to convene the Annual General Meeting of Shareholders - Tallinnavesi","isPartOf":{"@id":"https:\/\/tallinnavesi.ee\/en\/#website"},"datePublished":"2013-04-24T21:00:00+00:00","dateModified":"2018-01-12T11:31:44+00:00","breadcrumb":{"@id":"https:\/\/tallinnavesi.ee\/en\/investor\/shareholders-meeting\/21st-of-may-2013\/aktsionaride-korralise-uldkoosoleku-kokkukutsumise-teade\/#breadcrumb"},"inLanguage":"en-US","potentialAction":[{"@type":"ReadAction","target":["https:\/\/tallinnavesi.ee\/en\/investor\/shareholders-meeting\/21st-of-may-2013\/aktsionaride-korralise-uldkoosoleku-kokkukutsumise-teade\/"]}]},{"@type":"BreadcrumbList","@id":"https:\/\/tallinnavesi.ee\/en\/investor\/shareholders-meeting\/21st-of-may-2013\/aktsionaride-korralise-uldkoosoleku-kokkukutsumise-teade\/#breadcrumb","itemListElement":[{"@type":"ListItem","position":1,"name":"Home","item":"https:\/\/tallinnavesi.ee\/en\/"},{"@type":"ListItem","position":2,"name":"Investor","item":"https:\/\/tallinnavesi.ee\/en\/investor\/"},{"@type":"ListItem","position":3,"name":"Shareholders meeting","item":"https:\/\/tallinnavesi.ee\/en\/investor\/shareholders-meeting\/"},{"@type":"ListItem","position":4,"name":"21.05.2013","item":"https:\/\/tallinnavesi.ee\/en\/investor\/shareholders-meeting\/21st-of-may-2013\/"},{"@type":"ListItem","position":5,"name":"2013: Notice to convene the Annual General Meeting of Shareholders"}]},{"@type":"WebSite","@id":"https:\/\/tallinnavesi.ee\/en\/#website","url":"https:\/\/tallinnavesi.ee\/en\/","name":"Tallinnavesi","description":"Tallinnavesi","publisher":{"@id":"https:\/\/tallinnavesi.ee\/en\/#organization"},"potentialAction":[{"@type":"SearchAction","target":{"@type":"EntryPoint","urlTemplate":"https:\/\/tallinnavesi.ee\/en\/?s={search_term_string}"},"query-input":{"@type":"PropertyValueSpecification","valueRequired":true,"valueName":"search_term_string"}}],"inLanguage":"en-US"},{"@type":"Organization","@id":"https:\/\/tallinnavesi.ee\/en\/#organization","name":"Tallinna Vesi","url":"https:\/\/tallinnavesi.ee\/en\/","logo":{"@type":"ImageObject","inLanguage":"en-US","@id":"https:\/\/tallinnavesi.ee\/en\/#\/schema\/logo\/image\/","url":"https:\/\/tallinnavesi.ee\/wp-content\/uploads\/2017\/05\/logo-astv.png","contentUrl":"https:\/\/tallinnavesi.ee\/wp-content\/uploads\/2017\/05\/logo-astv.png","width":184,"height":63,"caption":"Tallinna Vesi"},"image":{"@id":"https:\/\/tallinnavesi.ee\/en\/#\/schema\/logo\/image\/"}}]}},"_links":{"self":[{"href":"https:\/\/tallinnavesi.ee\/en\/wp-json\/wp\/v2\/pages\/10088","targetHints":{"allow":["GET"]}}],"collection":[{"href":"https:\/\/tallinnavesi.ee\/en\/wp-json\/wp\/v2\/pages"}],"about":[{"href":"https:\/\/tallinnavesi.ee\/en\/wp-json\/wp\/v2\/types\/page"}],"author":[{"embeddable":true,"href":"https:\/\/tallinnavesi.ee\/en\/wp-json\/wp\/v2\/users\/7"}],"replies":[{"embeddable":true,"href":"https:\/\/tallinnavesi.ee\/en\/wp-json\/wp\/v2\/comments?post=10088"}],"version-history":[{"count":1,"href":"https:\/\/tallinnavesi.ee\/en\/wp-json\/wp\/v2\/pages\/10088\/revisions"}],"predecessor-version":[{"id":10089,"href":"https:\/\/tallinnavesi.ee\/en\/wp-json\/wp\/v2\/pages\/10088\/revisions\/10089"}],"up":[{"embeddable":true,"href":"https:\/\/tallinnavesi.ee\/en\/wp-json\/wp\/v2\/pages\/7420"}],"wp:attachment":[{"href":"https:\/\/tallinnavesi.ee\/en\/wp-json\/wp\/v2\/media?parent=10088"}],"curies":[{"name":"wp","href":"https:\/\/api.w.org\/{rel}","templated":true}]}}